{"id":17,"date":"2025-10-16T12:59:08","date_gmt":"2025-10-16T12:59:08","guid":{"rendered":"https:\/\/opendoors-openminds.put.poznan.pl\/?page_id=17"},"modified":"2025-10-28T15:46:48","modified_gmt":"2025-10-28T15:46:48","slug":"kontakt","status":"publish","type":"page","link":"https:\/\/opendoors-openminds.put.poznan.pl\/?page_id=17","title":{"rendered":"Kontakt"},"content":{"rendered":"\n<p>Biuro projektu:<br><br>Dzia\u0142 Wsp\u00f3\u0142pracy Mi\u0119dzynarodowej<\/p>\n\n\n\n<p>Adres:<br>Politechnika Pozna\u0144ska<br>ul. Piotrowo 5<br>61-138 Pozna\u0144<\/p>\n\n\n\n<p>Tel. +48 61&nbsp;665 3543<br>Email: <a href=\"mailto:iro@put.poznan.pl\">iro@put.poznan.pl<\/a><\/p>\n\n\n\n<p>Wsparcie os\u00f3b ze szczeg\u00f3lnymi potrzebami, w tym z niepe\u0142nosprawno\u015bciami: <a href=\"https:\/\/put.poznan.pl\/dzial-rownosci\">https:\/\/put.poznan.pl\/dzial-rownosci<\/a> <\/p>\n\n\n\n<p>Deklaracja dost\u0119pno\u015bci budynku przy ul. Piotrowo 5: <a href=\"https:\/\/put.poznan.pl\/deklaracja-dostepnosci-politechniki-poznanskiej\/piotrowo\">https:\/\/put.poznan.pl\/deklaracja-dostepnosci-politechniki-poznanskiej\/piotrowo<\/a><\/p>\n\n\n\n<p><\/p>\n","protected":false},"excerpt":{"rendered":"<p>Biuro projektu: Dzia\u0142 Wsp\u00f3\u0142pracy Mi\u0119dzynarodowej Adres:Politechnika Pozna\u0144skaul. Piotrowo 561-138 Pozna\u0144 Tel. +48 61&nbsp;665 3543Email: iro@put.poznan.pl Wsparcie os\u00f3b ze szczeg\u00f3lnymi potrzebami, w tym z niepe\u0142nosprawno\u015bciami: https:\/\/put.poznan.pl\/dzial-rownosci Deklaracja dost\u0119pno\u015bci budynku przy ul. Piotrowo 5: https:\/\/put.poznan.pl\/deklaracja-dostepnosci-politechniki-poznanskiej\/piotrowo<\/p>\n","protected":false},"author":1,"featured_media":0,"parent":0,"menu_order":0,"comment_status":"closed","ping_status":"closed","template":"","meta":{"footnotes":""},"class_list":["post-17","page","type-page","status-publish","hentry"],"_links":{"self":[{"href":"https:\/\/opendoors-openminds.put.poznan.pl\/index.php?rest_route=\/wp\/v2\/pages\/17","targetHints":{"allow":["GET"]}}],"collection":[{"href":"https:\/\/opendoors-openminds.put.poznan.pl\/index.php?rest_route=\/wp\/v2\/pages"}],"about":[{"href":"https:\/\/opendoors-openminds.put.poznan.pl\/index.php?rest_route=\/wp\/v2\/types\/page"}],"author":[{"embeddable":true,"href":"https:\/\/opendoors-openminds.put.poznan.pl\/index.php?rest_route=\/wp\/v2\/users\/1"}],"replies":[{"embeddable":true,"href":"https:\/\/opendoors-openminds.put.poznan.pl\/index.php?rest_route=%2Fwp%2Fv2%2Fcomments&post=17"}],"version-history":[{"count":3,"href":"https:\/\/opendoors-openminds.put.poznan.pl\/index.php?rest_route=\/wp\/v2\/pages\/17\/revisions"}],"predecessor-version":[{"id":37,"href":"https:\/\/opendoors-openminds.put.poznan.pl\/index.php?rest_route=\/wp\/v2\/pages\/17\/revisions\/37"}],"wp:attachment":[{"href":"https:\/\/opendoors-openminds.put.poznan.pl\/index.php?rest_route=%2Fwp%2Fv2%2Fmedia&parent=17"}],"curies":[{"name":"wp","href":"https:\/\/api.w.org\/{rel}","templated":true}]}}