{"id":25,"date":"2025-10-28T15:39:19","date_gmt":"2025-10-28T15:39:19","guid":{"rendered":"https:\/\/opendoors-openminds.put.poznan.pl\/?page_id=25"},"modified":"2025-10-28T15:39:19","modified_gmt":"2025-10-28T15:39:19","slug":"zadanie-1-uruchomienie-i-utrzymanie-welcome-point","status":"publish","type":"page","link":"https:\/\/opendoors-openminds.put.poznan.pl\/?page_id=25","title":{"rendered":"Zadanie 1 &#8211; Uruchomienie i utrzymanie Welcome Point"},"content":{"rendered":"\n<p>Zadanie obejmuje przygotowanie, uruchomienie oraz bie\u017c\u0105ce funkcjonowanie Welcome Point na Politechnice Pozna\u0144skiej. Punkt b\u0119dzie dzia\u0142a\u0142 w ramach struktury Uczelni, jako jednostka dedykowana obs\u0142udze student\u00f3w i pracownik\u00f3w zagranicznych.<\/p>\n\n\n\n<p>Welcome Point zajmowa\u0107 si\u0119 b\u0119dzie udzielaniem wsparcia w sprawach formalnych, takich jak: legalizacja pobytu, uzyskanie legitymacji studenckiej, zakwaterowanie, czy procedury uczelniane. Opr\u00f3cz kwestii administracyjnych, WP b\u0119dzie r\u00f3wnie\u017c oferowa\u0142 pomoc w obszarach nieformalnych, m.in. w orientacji na kampusie, korzystaniu z komunikacji miejskiej, dost\u0119pie do us\u0142ug zdrowotnych czy adaptacji kulturowej.<\/p>\n\n\n\n<p>Punkt pe\u0142ni\u0107 b\u0119dzie r\u00f3wnie\u017c funkcj\u0119 diagnostyczn\u0105 &#8211; prowadzone b\u0119d\u0105 ankiety i badania w\u015br\u00f3d student\u00f3w oraz pracownik\u00f3w z zagranicy, kt\u00f3rych celem b\u0119dzie identyfikacja potrzeb i wyzwa\u0144 napotykanych przez cudzoziemc\u00f3w. Wyniki analiz pos\u0142u\u017c\u0105 do opracowania rekomendacji i nowych inicjatyw wspieraj\u0105cych integracj\u0119 spo\u0142eczno\u015bci mi\u0119dzynarodowej na Uczelni.<\/p>\n\n\n\n<p>Rezultaty:<\/p>\n\n\n\n<ul class=\"wp-block-list\">\n<li>uruchomienie w pe\u0142ni funkcjonalnego Welcome Point;<\/li>\n\n\n\n<li>poprawa jako\u015bci i sp\u00f3jno\u015bci obs\u0142ugi cudzoziemc\u00f3w;<\/li>\n\n\n\n<li> zwi\u0119kszenie dost\u0119pno\u015bci informacji dla student\u00f3w i go\u015bci zagranicznych;<\/li>\n\n\n\n<li>zredukowanie barier j\u0119zykowych i kulturowych;<\/li>\n\n\n\n<li>usprawnienie komunikacji pomi\u0119dzy jednostkami uczelni a studentami z zagranicy.<\/li>\n<\/ul>\n","protected":false},"excerpt":{"rendered":"<p>Zadanie obejmuje przygotowanie, uruchomienie oraz bie\u017c\u0105ce funkcjonowanie Welcome Point na Politechnice Pozna\u0144skiej. Punkt b\u0119dzie dzia\u0142a\u0142 w ramach struktury Uczelni, jako jednostka dedykowana obs\u0142udze student\u00f3w i pracownik\u00f3w zagranicznych. Welcome Point zajmowa\u0107 si\u0119 b\u0119dzie udzielaniem wsparcia w sprawach formalnych, takich jak: legalizacja pobytu, uzyskanie legitymacji studenckiej, zakwaterowanie, czy procedury uczelniane. Opr\u00f3cz kwestii administracyjnych, WP b\u0119dzie r\u00f3wnie\u017c oferowa\u0142 [&hellip;]<\/p>\n","protected":false},"author":1,"featured_media":0,"parent":0,"menu_order":0,"comment_status":"closed","ping_status":"closed","template":"","meta":{"footnotes":""},"class_list":["post-25","page","type-page","status-publish","hentry"],"_links":{"self":[{"href":"https:\/\/opendoors-openminds.put.poznan.pl\/index.php?rest_route=\/wp\/v2\/pages\/25","targetHints":{"allow":["GET"]}}],"collection":[{"href":"https:\/\/opendoors-openminds.put.poznan.pl\/index.php?rest_route=\/wp\/v2\/pages"}],"about":[{"href":"https:\/\/opendoors-openminds.put.poznan.pl\/index.php?rest_route=\/wp\/v2\/types\/page"}],"author":[{"embeddable":true,"href":"https:\/\/opendoors-openminds.put.poznan.pl\/index.php?rest_route=\/wp\/v2\/users\/1"}],"replies":[{"embeddable":true,"href":"https:\/\/opendoors-openminds.put.poznan.pl\/index.php?rest_route=%2Fwp%2Fv2%2Fcomments&post=25"}],"version-history":[{"count":1,"href":"https:\/\/opendoors-openminds.put.poznan.pl\/index.php?rest_route=\/wp\/v2\/pages\/25\/revisions"}],"predecessor-version":[{"id":26,"href":"https:\/\/opendoors-openminds.put.poznan.pl\/index.php?rest_route=\/wp\/v2\/pages\/25\/revisions\/26"}],"wp:attachment":[{"href":"https:\/\/opendoors-openminds.put.poznan.pl\/index.php?rest_route=%2Fwp%2Fv2%2Fmedia&parent=25"}],"curies":[{"name":"wp","href":"https:\/\/api.w.org\/{rel}","templated":true}]}}