{"id":29,"date":"2025-10-28T15:40:55","date_gmt":"2025-10-28T15:40:55","guid":{"rendered":"https:\/\/opendoors-openminds.put.poznan.pl\/?page_id=29"},"modified":"2025-10-28T15:40:55","modified_gmt":"2025-10-28T15:40:55","slug":"zadanie-3-rozwoj-interaktywnej-aplikacji-webowej-iaw","status":"publish","type":"page","link":"https:\/\/opendoors-openminds.put.poznan.pl\/?page_id=29","title":{"rendered":"Zadanie 3 &#8211; Rozw\u00f3j Interaktywnej Aplikacji Webowej (IAW)"},"content":{"rendered":"\n<p> Interaktywna Aplikacja Webowa, stworzona w ramach wcze\u015bniejszego projektu NAWA w ramach programu \u201eWelcome to Poalnd\u201d, zostanie rozwini\u0119ta o now\u0105 funkcj\u0119 \u2014 map\u0119 Centrum Wyk\u0142adowego (CW) PP z mo\u017cliwo\u015bci\u0105 odbycia wirtualnego spaceru po budynku.<\/p>\n\n\n\n<p>Nowa wersja aplikacji umo\u017cliwi u\u017cytkownikom wyszukiwanie sal, pomieszcze\u0144 oraz tras doj\u015bcia, a tak\u017ce zaplanowanie \u015bcie\u017cek przyjaznych osobom z ograniczon\u0105 mobilno\u015bci\u0105 (np. windy, rampy, toalety dla os\u00f3b z niepe\u0142nosprawno\u015bciami).<\/p>\n\n\n\n<p>Projekt zak\u0142ada tak\u017ce dostosowanie interfejsu do standard\u00f3w WCAG 2.1, co zapewni dost\u0119pno\u015b\u0107 dla os\u00f3b z niepe\u0142nosprawno\u015bciami wzroku i s\u0142uchu.<\/p>\n\n\n\n<p>Rezultaty:<\/p>\n\n\n\n<ul class=\"wp-block-list\">\n<li>wdro\u017cenie nowej funkcjonalno\u015bci IAW z map\u0105 CW;<\/li>\n\n\n\n<li>poprawa dost\u0119pno\u015bci przestrzeni uczelnianej;<\/li>\n\n\n\n<li>redukcja problem\u00f3w w orientacji przestrzennej w\u015br\u00f3d student\u00f3w zagranicznych;<\/li>\n\n\n\n<li>zwi\u0119kszenie komfortu poruszania si\u0119 po uczelni.<\/li>\n<\/ul>\n","protected":false},"excerpt":{"rendered":"<p>Interaktywna Aplikacja Webowa, stworzona w ramach wcze\u015bniejszego projektu NAWA w ramach programu \u201eWelcome to Poalnd\u201d, zostanie rozwini\u0119ta o now\u0105 funkcj\u0119 \u2014 map\u0119 Centrum Wyk\u0142adowego (CW) PP z mo\u017cliwo\u015bci\u0105 odbycia wirtualnego spaceru po budynku. Nowa wersja aplikacji umo\u017cliwi u\u017cytkownikom wyszukiwanie sal, pomieszcze\u0144 oraz tras doj\u015bcia, a tak\u017ce zaplanowanie \u015bcie\u017cek przyjaznych osobom z ograniczon\u0105 mobilno\u015bci\u0105 (np. windy, [&hellip;]<\/p>\n","protected":false},"author":1,"featured_media":0,"parent":0,"menu_order":0,"comment_status":"closed","ping_status":"closed","template":"","meta":{"footnotes":""},"class_list":["post-29","page","type-page","status-publish","hentry"],"_links":{"self":[{"href":"https:\/\/opendoors-openminds.put.poznan.pl\/index.php?rest_route=\/wp\/v2\/pages\/29","targetHints":{"allow":["GET"]}}],"collection":[{"href":"https:\/\/opendoors-openminds.put.poznan.pl\/index.php?rest_route=\/wp\/v2\/pages"}],"about":[{"href":"https:\/\/opendoors-openminds.put.poznan.pl\/index.php?rest_route=\/wp\/v2\/types\/page"}],"author":[{"embeddable":true,"href":"https:\/\/opendoors-openminds.put.poznan.pl\/index.php?rest_route=\/wp\/v2\/users\/1"}],"replies":[{"embeddable":true,"href":"https:\/\/opendoors-openminds.put.poznan.pl\/index.php?rest_route=%2Fwp%2Fv2%2Fcomments&post=29"}],"version-history":[{"count":1,"href":"https:\/\/opendoors-openminds.put.poznan.pl\/index.php?rest_route=\/wp\/v2\/pages\/29\/revisions"}],"predecessor-version":[{"id":30,"href":"https:\/\/opendoors-openminds.put.poznan.pl\/index.php?rest_route=\/wp\/v2\/pages\/29\/revisions\/30"}],"wp:attachment":[{"href":"https:\/\/opendoors-openminds.put.poznan.pl\/index.php?rest_route=%2Fwp%2Fv2%2Fmedia&parent=29"}],"curies":[{"name":"wp","href":"https:\/\/api.w.org\/{rel}","templated":true}]}}