{"id":31,"date":"2025-10-28T15:41:41","date_gmt":"2025-10-28T15:41:41","guid":{"rendered":"https:\/\/opendoors-openminds.put.poznan.pl\/?page_id=31"},"modified":"2025-10-28T15:42:44","modified_gmt":"2025-10-28T15:42:44","slug":"zadanie-4-kampania-marketingowa-i-promocja-uczelni-za-granica","status":"publish","type":"page","link":"https:\/\/opendoors-openminds.put.poznan.pl\/?page_id=31","title":{"rendered":"Zadanie 4 &#8211; Kampania marketingowa i promocja Uczelni za granic\u0105"},"content":{"rendered":"\n<p>Zadanie obejmuje przygotowanie i realizacj\u0119 mi\u0119dzynarodowej kampanii marketingowej, udzia\u0142 w zagranicznych targach edukacyjnych oraz nawi\u0105zanie wsp\u00f3\u0142pracy z agencjami rekrutacyjnymi.<\/p>\n\n\n\n<p>Kampania zostanie skierowana do m\u0142odych ludzi z Europy Wschodniej, Azji i Ameryki Po\u0142udniowej oraz \u015brodowisk polonijnych w Irlandii i Wielkiej Brytanii.<\/p>\n\n\n\n<p>Profesjonalna agencja marketingowa, wy\u0142oniona w drodze przetargu, opracuje strategi\u0119 komunikacyjn\u0105 i dobierze najbardziej efektywne kana\u0142y promocji (media spo\u0142eczno\u015bciowe, platformy edukacyjne, kampanie wideo, reklamy kontekstowe).<\/p>\n\n\n\n<p>R\u00f3wnolegle przedstawiciele PP b\u0119d\u0105 uczestniczy\u0107 w mi\u0119dzynarodowych targach edukacyjnych, gdzie zaprezentuj\u0105 ofert\u0119 uczelni, prowadz\u0105c rozmowy z kandydatami oraz po\u015brednikami.<\/p>\n\n\n\n<p>Rezultaty:<\/p>\n\n\n\n<ul class=\"wp-block-list\">\n<li>zwi\u0119kszenie liczby zagranicznych kandydat\u00f3w na studia;<\/li>\n\n\n\n<li>wzmocnienie marki Politechniki Pozna\u0144skiej jako uczelni mi\u0119dzynarodowej;<\/li>\n\n\n\n<li>nawi\u0105zanie trwa\u0142ych kontakt\u00f3w z agencjami rekrutacyjnymi i partnerami edukacyjnymi;<\/li>\n\n\n\n<li>poprawa wizerunku uczelni w sieci i mediach bran\u017cowych.<\/li>\n<\/ul>\n","protected":false},"excerpt":{"rendered":"<p>Zadanie obejmuje przygotowanie i realizacj\u0119 mi\u0119dzynarodowej kampanii marketingowej, udzia\u0142 w zagranicznych targach edukacyjnych oraz nawi\u0105zanie wsp\u00f3\u0142pracy z agencjami rekrutacyjnymi. Kampania zostanie skierowana do m\u0142odych ludzi z Europy Wschodniej, Azji i Ameryki Po\u0142udniowej oraz \u015brodowisk polonijnych w Irlandii i Wielkiej Brytanii. Profesjonalna agencja marketingowa, wy\u0142oniona w drodze przetargu, opracuje strategi\u0119 komunikacyjn\u0105 i dobierze najbardziej efektywne kana\u0142y [&hellip;]<\/p>\n","protected":false},"author":1,"featured_media":0,"parent":0,"menu_order":0,"comment_status":"closed","ping_status":"closed","template":"","meta":{"footnotes":""},"class_list":["post-31","page","type-page","status-publish","hentry"],"_links":{"self":[{"href":"https:\/\/opendoors-openminds.put.poznan.pl\/index.php?rest_route=\/wp\/v2\/pages\/31","targetHints":{"allow":["GET"]}}],"collection":[{"href":"https:\/\/opendoors-openminds.put.poznan.pl\/index.php?rest_route=\/wp\/v2\/pages"}],"about":[{"href":"https:\/\/opendoors-openminds.put.poznan.pl\/index.php?rest_route=\/wp\/v2\/types\/page"}],"author":[{"embeddable":true,"href":"https:\/\/opendoors-openminds.put.poznan.pl\/index.php?rest_route=\/wp\/v2\/users\/1"}],"replies":[{"embeddable":true,"href":"https:\/\/opendoors-openminds.put.poznan.pl\/index.php?rest_route=%2Fwp%2Fv2%2Fcomments&post=31"}],"version-history":[{"count":3,"href":"https:\/\/opendoors-openminds.put.poznan.pl\/index.php?rest_route=\/wp\/v2\/pages\/31\/revisions"}],"predecessor-version":[{"id":34,"href":"https:\/\/opendoors-openminds.put.poznan.pl\/index.php?rest_route=\/wp\/v2\/pages\/31\/revisions\/34"}],"wp:attachment":[{"href":"https:\/\/opendoors-openminds.put.poznan.pl\/index.php?rest_route=%2Fwp%2Fv2%2Fmedia&parent=31"}],"curies":[{"name":"wp","href":"https:\/\/api.w.org\/{rel}","templated":true}]}}